{"id":15,"date":"2017-10-30T15:50:07","date_gmt":"2017-10-30T15:50:07","guid":{"rendered":"http:\/\/demo.safirtema.com\/atlas\/?page_id=15"},"modified":"2021-05-01T21:26:36","modified_gmt":"2021-05-01T21:26:36","slug":"cozum-ortaklari","status":"publish","type":"page","link":"https:\/\/saydamexpres.com\/index.php\/cozum-ortaklari\/","title":{"rendered":"\u00c7\u00f6z\u00fcm Ortaklar\u0131"},"content":{"rendered":"\n<figure class=\"wp-block-gallery columns-3 wp-block-gallery-1 is-layout-flex wp-block-gallery-is-layout-flex\"><ul class=\"blocks-gallery-grid\"><li class=\"blocks-gallery-item\"><figure><img loading=\"lazy\" decoding=\"async\" width=\"909\" height=\"200\" src=\"https:\/\/saydamexpres.com\/wp-content\/uploads\/2017\/10\/brother.png\" alt=\"\" data-id=\"16\" class=\"wp-image-16\" srcset=\"https:\/\/saydamexpres.com\/wp-content\/uploads\/2017\/10\/brother.png 909w, https:\/\/saydamexpres.com\/wp-content\/uploads\/2017\/10\/brother-300x66.png 300w, https:\/\/saydamexpres.com\/wp-content\/uploads\/2017\/10\/brother-768x169.png 768w\" sizes=\"auto, (max-width: 909px) 100vw, 909px\" \/><\/figure><\/li><li class=\"blocks-gallery-item\"><figure><img loading=\"lazy\" decoding=\"async\" width=\"378\" height=\"200\" src=\"https:\/\/saydamexpres.com\/wp-content\/uploads\/2017\/10\/cisco.png\" alt=\"\" data-id=\"17\" class=\"wp-image-17\" srcset=\"https:\/\/saydamexpres.com\/wp-content\/uploads\/2017\/10\/cisco.png 378w, https:\/\/saydamexpres.com\/wp-content\/uploads\/2017\/10\/cisco-300x159.png 300w\" sizes=\"auto, (max-width: 378px) 100vw, 378px\" \/><\/figure><\/li><li class=\"blocks-gallery-item\"><figure><img loading=\"lazy\" decoding=\"async\" width=\"640\" height=\"200\" src=\"https:\/\/saydamexpres.com\/wp-content\/uploads\/2017\/10\/dell.png\" alt=\"\" data-id=\"18\" class=\"wp-image-18\" srcset=\"https:\/\/saydamexpres.com\/wp-content\/uploads\/2017\/10\/dell.png 640w, https:\/\/saydamexpres.com\/wp-content\/uploads\/2017\/10\/dell-300x94.png 300w\" sizes=\"auto, (max-width: 640px) 100vw, 640px\" \/><\/figure><\/li><li class=\"blocks-gallery-item\"><figure><img loading=\"lazy\" decoding=\"async\" width=\"934\" height=\"200\" src=\"https:\/\/saydamexpres.com\/wp-content\/uploads\/2017\/10\/kyocera.png\" alt=\"\" data-id=\"19\" class=\"wp-image-19\" srcset=\"https:\/\/saydamexpres.com\/wp-content\/uploads\/2017\/10\/kyocera.png 934w, https:\/\/saydamexpres.com\/wp-content\/uploads\/2017\/10\/kyocera-300x64.png 300w, https:\/\/saydamexpres.com\/wp-content\/uploads\/2017\/10\/kyocera-768x164.png 768w\" sizes=\"auto, (max-width: 934px) 100vw, 934px\" \/><\/figure><\/li><li class=\"blocks-gallery-item\"><figure><img loading=\"lazy\" decoding=\"async\" width=\"636\" height=\"300\" src=\"https:\/\/saydamexpres.com\/wp-content\/uploads\/2017\/10\/lg.png\" alt=\"\" data-id=\"20\" class=\"wp-image-20\" srcset=\"https:\/\/saydamexpres.com\/wp-content\/uploads\/2017\/10\/lg.png 636w, https:\/\/saydamexpres.com\/wp-content\/uploads\/2017\/10\/lg-300x142.png 300w\" sizes=\"auto, (max-width: 636px) 100vw, 636px\" \/><\/figure><\/li><li class=\"blocks-gallery-item\"><figure><img loading=\"lazy\" decoding=\"async\" width=\"702\" height=\"150\" src=\"https:\/\/saydamexpres.com\/wp-content\/uploads\/2017\/10\/microsoft.png\" alt=\"\" data-id=\"21\" class=\"wp-image-21\" srcset=\"https:\/\/saydamexpres.com\/wp-content\/uploads\/2017\/10\/microsoft.png 702w, https:\/\/saydamexpres.com\/wp-content\/uploads\/2017\/10\/microsoft-300x64.png 300w\" sizes=\"auto, (max-width: 702px) 100vw, 702px\" \/><\/figure><\/li><li class=\"blocks-gallery-item\"><figure><img loading=\"lazy\" decoding=\"async\" width=\"979\" height=\"150\" src=\"https:\/\/saydamexpres.com\/wp-content\/uploads\/2017\/10\/samsung.png\" alt=\"\" data-id=\"22\" class=\"wp-image-22\" srcset=\"https:\/\/saydamexpres.com\/wp-content\/uploads\/2017\/10\/samsung.png 979w, https:\/\/saydamexpres.com\/wp-content\/uploads\/2017\/10\/samsung-300x46.png 300w, https:\/\/saydamexpres.com\/wp-content\/uploads\/2017\/10\/samsung-768x118.png 768w\" sizes=\"auto, (max-width: 979px) 100vw, 979px\" \/><\/figure><\/li><li class=\"blocks-gallery-item\"><figure><img loading=\"lazy\" decoding=\"async\" width=\"1139\" height=\"300\" src=\"https:\/\/saydamexpres.com\/wp-content\/uploads\/2017\/10\/symantec.png\" alt=\"\" data-id=\"23\" class=\"wp-image-23\" srcset=\"https:\/\/saydamexpres.com\/wp-content\/uploads\/2017\/10\/symantec.png 1139w, https:\/\/saydamexpres.com\/wp-content\/uploads\/2017\/10\/symantec-300x79.png 300w, https:\/\/saydamexpres.com\/wp-content\/uploads\/2017\/10\/symantec-768x202.png 768w, https:\/\/saydamexpres.com\/wp-content\/uploads\/2017\/10\/symantec-1024x270.png 1024w\" sizes=\"auto, (max-width: 1139px) 100vw, 1139px\" \/><\/figure><\/li><li class=\"blocks-gallery-item\"><figure><img loading=\"lazy\" decoding=\"async\" width=\"476\" height=\"134\" src=\"https:\/\/saydamexpres.com\/wp-content\/uploads\/2017\/10\/xerox.png\" alt=\"\" data-id=\"24\" class=\"wp-image-24\" srcset=\"https:\/\/saydamexpres.com\/wp-content\/uploads\/2017\/10\/xerox.png 476w, https:\/\/saydamexpres.com\/wp-content\/uploads\/2017\/10\/xerox-300x84.png 300w\" sizes=\"auto, (max-width: 476px) 100vw, 476px\" \/><\/figure><\/li><\/ul><\/figure>\n","protected":false},"excerpt":{"rendered":"","protected":false},"author":1,"featured_media":0,"parent":0,"menu_order":0,"comment_status":"closed","ping_status":"closed","template":"pages\/page-references.php","meta":{"_joinchat":[],"footnotes":""},"class_list":["post-15","page","type-page","status-publish","hentry"],"yoast_head":"<!-- This site is optimized with the Yoast SEO plugin v19.14 - https:\/\/yoast.com\/wordpress\/plugins\/seo\/ -->\n<title>\u00c7\u00f6z\u00fcm Ortaklar\u0131 - Ankara Evden Eve Nakliyat<\/title>\n<meta name=\"robots\" content=\"index, follow, max-snippet:-1, max-image-preview:large, max-video-preview:-1\" \/>\n<link rel=\"canonical\" href=\"https:\/\/saydamexpres.com\/index.php\/cozum-ortaklari\/\" \/>\n<meta property=\"og:locale\" content=\"tr_TR\" \/>\n<meta property=\"og:type\" content=\"article\" \/>\n<meta property=\"og:title\" content=\"\u00c7\u00f6z\u00fcm Ortaklar\u0131 - Ankara Evden Eve Nakliyat\" \/>\n<meta property=\"og:url\" content=\"https:\/\/saydamexpres.com\/index.php\/cozum-ortaklari\/\" \/>\n<meta property=\"og:site_name\" content=\"Ankara Evden Eve Nakliyat\" \/>\n<meta property=\"article:modified_time\" content=\"2021-05-01T21:26:36+00:00\" \/>\n<meta property=\"og:image\" content=\"http:\/\/saydamexpres.com\/wp-content\/uploads\/2017\/10\/brother.png\" \/>\n<meta name=\"twitter:card\" content=\"summary_large_image\" \/>\n<script type=\"application\/ld+json\" class=\"yoast-schema-graph\">{\"@context\":\"https:\/\/schema.org\",\"@graph\":[{\"@type\":\"WebPage\",\"@id\":\"https:\/\/saydamexpres.com\/index.php\/cozum-ortaklari\/\",\"url\":\"https:\/\/saydamexpres.com\/index.php\/cozum-ortaklari\/\",\"name\":\"\u00c7\u00f6z\u00fcm Ortaklar\u0131 - Ankara Evden Eve Nakliyat\",\"isPartOf\":{\"@id\":\"https:\/\/saydamexpres.com\/#website\"},\"datePublished\":\"2017-10-30T15:50:07+00:00\",\"dateModified\":\"2021-05-01T21:26:36+00:00\",\"breadcrumb\":{\"@id\":\"https:\/\/saydamexpres.com\/index.php\/cozum-ortaklari\/#breadcrumb\"},\"inLanguage\":\"tr\",\"potentialAction\":[{\"@type\":\"ReadAction\",\"target\":[\"https:\/\/saydamexpres.com\/index.php\/cozum-ortaklari\/\"]}]},{\"@type\":\"BreadcrumbList\",\"@id\":\"https:\/\/saydamexpres.com\/index.php\/cozum-ortaklari\/#breadcrumb\",\"itemListElement\":[{\"@type\":\"ListItem\",\"position\":1,\"name\":\"Anasayfa\",\"item\":\"https:\/\/saydamexpres.com\/\"},{\"@type\":\"ListItem\",\"position\":2,\"name\":\"\u00c7\u00f6z\u00fcm Ortaklar\u0131\"}]},{\"@type\":\"WebSite\",\"@id\":\"https:\/\/saydamexpres.com\/#website\",\"url\":\"https:\/\/saydamexpres.com\/\",\"name\":\"Ankara Evden Eve Nakliyat\",\"description\":\"Asans\u00f6rl\u00fc Nakliyat\",\"potentialAction\":[{\"@type\":\"SearchAction\",\"target\":{\"@type\":\"EntryPoint\",\"urlTemplate\":\"https:\/\/saydamexpres.com\/?s={search_term_string}\"},\"query-input\":\"required name=search_term_string\"}],\"inLanguage\":\"tr\"}]}<\/script>\n<!-- \/ Yoast SEO plugin. -->","yoast_head_json":{"title":"\u00c7\u00f6z\u00fcm Ortaklar\u0131 - Ankara Evden Eve Nakliyat","robots":{"index":"index","follow":"follow","max-snippet":"max-snippet:-1","max-image-preview":"max-image-preview:large","max-video-preview":"max-video-preview:-1"},"canonical":"https:\/\/saydamexpres.com\/index.php\/cozum-ortaklari\/","og_locale":"tr_TR","og_type":"article","og_title":"\u00c7\u00f6z\u00fcm Ortaklar\u0131 - Ankara Evden Eve Nakliyat","og_url":"https:\/\/saydamexpres.com\/index.php\/cozum-ortaklari\/","og_site_name":"Ankara Evden Eve Nakliyat","article_modified_time":"2021-05-01T21:26:36+00:00","og_image":[{"url":"http:\/\/saydamexpres.com\/wp-content\/uploads\/2017\/10\/brother.png"}],"twitter_card":"summary_large_image","schema":{"@context":"https:\/\/schema.org","@graph":[{"@type":"WebPage","@id":"https:\/\/saydamexpres.com\/index.php\/cozum-ortaklari\/","url":"https:\/\/saydamexpres.com\/index.php\/cozum-ortaklari\/","name":"\u00c7\u00f6z\u00fcm Ortaklar\u0131 - Ankara Evden Eve Nakliyat","isPartOf":{"@id":"https:\/\/saydamexpres.com\/#website"},"datePublished":"2017-10-30T15:50:07+00:00","dateModified":"2021-05-01T21:26:36+00:00","breadcrumb":{"@id":"https:\/\/saydamexpres.com\/index.php\/cozum-ortaklari\/#breadcrumb"},"inLanguage":"tr","potentialAction":[{"@type":"ReadAction","target":["https:\/\/saydamexpres.com\/index.php\/cozum-ortaklari\/"]}]},{"@type":"BreadcrumbList","@id":"https:\/\/saydamexpres.com\/index.php\/cozum-ortaklari\/#breadcrumb","itemListElement":[{"@type":"ListItem","position":1,"name":"Anasayfa","item":"https:\/\/saydamexpres.com\/"},{"@type":"ListItem","position":2,"name":"\u00c7\u00f6z\u00fcm Ortaklar\u0131"}]},{"@type":"WebSite","@id":"https:\/\/saydamexpres.com\/#website","url":"https:\/\/saydamexpres.com\/","name":"Ankara Evden Eve Nakliyat","description":"Asans\u00f6rl\u00fc Nakliyat","potentialAction":[{"@type":"SearchAction","target":{"@type":"EntryPoint","urlTemplate":"https:\/\/saydamexpres.com\/?s={search_term_string}"},"query-input":"required name=search_term_string"}],"inLanguage":"tr"}]}},"_links":{"self":[{"href":"https:\/\/saydamexpres.com\/index.php\/wp-json\/wp\/v2\/pages\/15","targetHints":{"allow":["GET"]}}],"collection":[{"href":"https:\/\/saydamexpres.com\/index.php\/wp-json\/wp\/v2\/pages"}],"about":[{"href":"https:\/\/saydamexpres.com\/index.php\/wp-json\/wp\/v2\/types\/page"}],"author":[{"embeddable":true,"href":"https:\/\/saydamexpres.com\/index.php\/wp-json\/wp\/v2\/users\/1"}],"replies":[{"embeddable":true,"href":"https:\/\/saydamexpres.com\/index.php\/wp-json\/wp\/v2\/comments?post=15"}],"version-history":[{"count":6,"href":"https:\/\/saydamexpres.com\/index.php\/wp-json\/wp\/v2\/pages\/15\/revisions"}],"predecessor-version":[{"id":313,"href":"https:\/\/saydamexpres.com\/index.php\/wp-json\/wp\/v2\/pages\/15\/revisions\/313"}],"wp:attachment":[{"href":"https:\/\/saydamexpres.com\/index.php\/wp-json\/wp\/v2\/media?parent=15"}],"curies":[{"name":"wp","href":"https:\/\/api.w.org\/{rel}","templated":true}]}}